{"id":2494,"date":"2022-04-06T12:22:30","date_gmt":"2022-04-06T10:22:30","guid":{"rendered":"http:\/\/www.cluias.it\/?page_id=2494"},"modified":"2022-04-07T15:07:19","modified_gmt":"2022-04-07T13:07:19","slug":"lente-siliconica","status":"publish","type":"page","link":"https:\/\/www.cluias.it\/en\/lente-siliconica\/","title":{"rendered":"Lente siliconica"},"content":{"rendered":"\n<div class=\"row\"  id=\"row-1146857472\">\n\n\n\t<div id=\"col-1911420855\" class=\"col small-12 large-12\"  >\n\t\t\t\t<div class=\"col-inner\"  >\n\t\t\t\n\t\t\t\n\n\n  <div class=\"banner has-hover\" id=\"banner-13042423\">\n          <div class=\"banner-inner fill\">\n        <div class=\"banner-bg fill\" >\n            <div class=\"bg fill bg-fill \"><\/div>\n                                    \n                    <\/div>\n\t\t\n        <div class=\"banner-layers container\">\n            <div class=\"fill banner-link\"><\/div>            \n\n   <div id=\"text-box-2012447677\" class=\"text-box banner-layer x50 md-x50 lg-x50 y50 md-y50 lg-y50 res-text\">\n                                <div class=\"text-box-content text dark\">\n              \n              <div class=\"text-inner text-center\">\n                  \n\n<h3 class=\"uppercase\"><strong>Lente siliconica<\/strong><\/h3>\n\n              <\/div>\n           <\/div>\n                            \n<style>\n#text-box-2012447677 {\n  width: 60%;\n}\n#text-box-2012447677 .text-box-content {\n  font-size: 100%;\n}\n<\/style>\n    <\/div>\n \n\n        <\/div>\n      <\/div>\n\n            \n<style>\n#banner-13042423 {\n  padding-top: 330px;\n}\n#banner-13042423 .bg.bg-loaded {\n  background-image: url(https:\/\/www.cluias.it\/wp-content\/uploads\/6577.jpg);\n}\n#banner-13042423 .ux-shape-divider--top svg {\n  height: 150px;\n  --divider-top-width: 100%;\n}\n#banner-13042423 .ux-shape-divider--bottom svg {\n  height: 150px;\n  --divider-width: 100%;\n}\n<\/style>\n  <\/div>\n\n\n\n\t\t<\/div>\n\t\t\t\t\t<\/div>\n\n\t\n\n<\/div>\n<div class=\"row\"  id=\"row-1466263104\">\n\n\n\t<div id=\"col-1260700369\" class=\"col medium-4 small-12 large-4\"  >\n\t\t\t\t<div class=\"col-inner\"  >\n\t\t\t\n\t\t\t\n\n<p>E\u2019 in corso la stipula di un contratto di collaborazione fra CLUIAS  e Dipartimento d\u2019Ingegneria dell\u2019Informazione dell\u2019Universit\u00e0 di Pisa per lo studio di applicazioni industriali con l\u2019uso della lente siliconica da loro messa a punto.<\/p>\n\n\t\t<\/div>\n\t\t\t\t\t<\/div>\n\n\t\n\n\t<div id=\"col-1602449778\" class=\"col medium-4 small-12 large-4\"  >\n\t\t\t\t<div class=\"col-inner\"  >\n\t\t\t\n\t\t\t\n\n<p>Infatti, come si pu\u00f2 evincere dalle informazioni del DII  \u201c dai laboratori del Dipartimento di Ingegneria dell\u2019Informazione dell\u2019Universit\u00e0 di Pisa arriva la scoperta di un nuovo procedimento per sintetizzare delle lenti contenenti dei filtri ottici partendo da un polimero trasparente su cui vengono scritte con una stampante a getto di inchiostro delle nanoparticelle di un metallo nobile (oro o argento). Il procedimento, che di solito si misurava in giorni, in questo caso richiede circa un minuto, costa pochi centesimi e permette di ottenere risultati mai ottenuti prima. <\/p>\n\n\t\t<\/div>\n\t\t\t\t\t<\/div>\n\n\t\n\n\t<div id=\"col-1323555318\" class=\"col medium-4 small-12 large-4\"  >\n\t\t\t\t<div class=\"col-inner\"  >\n\t\t\t\n\t\t\t\n\n<p>La scoperta arriva dal team di Giuseppe Barillaro, docente di elettronica, e si basa sull\u2019uso di ioni fluoro durante il processo di sintesi delle nanoparticelle sul supporto polimerico, in questo caso silicone, scelto per la sua versatilit\u00e0 e per il costo competitivo. La distribuzione e la densit\u00e0 delle particelle, che per la prima volta pu\u00f2 essere variata in tempo reale, conferisce al prodotto risultante le sue propriet\u00e0 ottiche. Fino ad ora, non era stato possibile farlo a causa della lentezza del procedimento di sintesi standard.<\/p>\n\n\t\t<\/div>\n\t\t\t\t\t<\/div>\n\n\t\n\n<\/div>\n<div class=\"row row-collapse\"  id=\"row-1055236923\">\n\n\n\t<div id=\"col-1555965358\" class=\"col medium-6 small-12 large-6\"  >\n\t\t\t\t<div class=\"col-inner\"  >\n\t\t\t\n\t\t\t\n\n\t<div class=\"img has-hover x md-x lg-x y md-y lg-y\" id=\"image_1369314943\">\n\t\t\t\t\t\t\t\t<div class=\"img-inner dark\" >\n\t\t\t<img width=\"454\" height=\"318\" src=\"https:\/\/www.cluias.it\/wp-content\/uploads\/sdee.png\" class=\"attachment-large size-large\" alt=\"\" decoding=\"async\" loading=\"lazy\" srcset=\"https:\/\/www.cluias.it\/wp-content\/uploads\/sdee.png 454w, https:\/\/www.cluias.it\/wp-content\/uploads\/sdee-300x210.png 300w\" sizes=\"(max-width: 454px) 100vw, 454px\" \/>\t\t\t\t\t\t\n\t\t\t\t\t<\/div>\n\t\t\t\t\t\t\t\t\n<style>\n#image_1369314943 {\n  width: 100%;\n}\n<\/style>\n\t<\/div>\n\t\n\n\n\t\t<\/div>\n\t\t\t\t\t<\/div>\n\n\t\n\n\t<div id=\"col-1391618231\" class=\"col medium-6 small-12 large-6\"  >\n\t\t\t\t<div class=\"col-inner\"  >\n\t\t\t\n\t\t\t\n\n\t<div class=\"img has-hover x md-x lg-x y md-y lg-y\" id=\"image_1998722693\">\n\t\t\t\t\t\t\t\t<div class=\"img-inner dark\" >\n\t\t\t<img width=\"429\" height=\"318\" src=\"https:\/\/www.cluias.it\/wp-content\/uploads\/wwd.png\" class=\"attachment-large size-large\" alt=\"\" decoding=\"async\" loading=\"lazy\" srcset=\"https:\/\/www.cluias.it\/wp-content\/uploads\/wwd.png 429w, https:\/\/www.cluias.it\/wp-content\/uploads\/wwd-300x222.png 300w\" sizes=\"(max-width: 429px) 100vw, 429px\" \/>\t\t\t\t\t\t\n\t\t\t\t\t<\/div>\n\t\t\t\t\t\t\t\t\n<style>\n#image_1998722693 {\n  width: 96%;\n}\n<\/style>\n\t<\/div>\n\t\n\n\n\t\t<\/div>\n\t\t\t\t\t<\/div>\n\n\t\n\n<\/div>\n<div class=\"row\"  id=\"row-529210628\">\n\n\n\t<div id=\"col-1202936675\" class=\"col medium-6 small-12 large-6\"  >\n\t\t\t\t<div class=\"col-inner\"  >\n\t\t\t\n\t\t\t\n\n<p>Il polimero siliconico si trova quindi ad avere nuove propriet\u00e0 se \u201cdecorato\u201d con nanoparticelle di argento, oro, o con una combinazione di entrambi, e pu\u00f2 essere usato per la produzione di lenti con filtri ottici (ma non solo) basati  sul fenomeno della risonanza plasmonica. Le propriet\u00e0 dei filtri cos\u00ec ottenuti non dipendono dalla curvatura o dall\u2019angolo di incidenza della luce, ma dalla densit\u00e0 e dalla distribuzione delle nanoparticelle sul polimero.\u201d<\/p>\n\n\t\t<\/div>\n\t\t\t\t\t<\/div>\n\n\t\n\n\t<div id=\"col-373702263\" class=\"col medium-6 small-12 large-6\"  >\n\t\t\t\t<div class=\"col-inner\"  >\n\t\t\t\n\t\t\t\n\n<p>L\u2019interesse di CLUIAS \u00e8 quello di mettere a punto applicazioni dedicate al controllo della qualit\u00e0 delle acque e degli oli industriali.<\/p>\n\n\t\t<\/div>\n\t\t\t\t\t<\/div>\n\n\t\n\n<\/div>\n<div class=\"row row-collapse row-full-width\"  id=\"row-954987784\">\n\n\n\t<div id=\"col-595806637\" class=\"col medium-3 small-12 large-3\"  >\n\t\t\t\t<div class=\"col-inner\"  >\n\t\t\t\n\t\t\t\n\n\t<div class=\"box has-hover   has-hover box-shade dark box-text-bottom\" >\n\n\t\t<div class=\"box-image\" >\n\t\t\t\t\t\t<div class=\"image-cover\" style=\"padding-top:200px;\">\n\t\t\t\t<img width=\"1024\" height=\"768\" src=\"https:\/\/www.cluias.it\/wp-content\/uploads\/cluias-13.jpg.png\" class=\"attachment- size-\" alt=\"\" decoding=\"async\" loading=\"lazy\" srcset=\"https:\/\/www.cluias.it\/wp-content\/uploads\/cluias-13.jpg.png 1024w, https:\/\/www.cluias.it\/wp-content\/uploads\/cluias-13.jpg-300x225.png 300w, https:\/\/www.cluias.it\/wp-content\/uploads\/cluias-13.jpg-768x576.png 768w\" sizes=\"(max-width: 1024px) 100vw, 1024px\" \/>\t\t\t\t\t\t\t\t<div class=\"shade\"><\/div>\t\t\t<\/div>\n\t\t\t\t\t<\/div>\n\n\t\t<div class=\"box-text show-on-hover hover-bounce text-center\" style=\"padding:0px 0px 15% 0px;\">\n\t\t\t<div class=\"box-text-inner\">\n\t\t\t\t\n\n<h6>entra in<\/h6>\n\t<div id=\"text-1509553672\" class=\"text\">\n\t\t\n\n<h3>Laboratorio<\/h3>\n\t\t\n<style>\n#text-1509553672 {\n  font-size: 2rem;\n}\n<\/style>\n\t<\/div>\n\t\n<a href=\"http:\/\/www.cluias.it\/laboratorio\/\" target=\"_self\" class=\"button primary\"  >\n    <span>scopri di pi\u00f9<\/span>\n  <\/a>\n\n\n\n\t\t\t<\/div>\n\t\t<\/div>\n\t<\/div>\n\t\n\n\t\t<\/div>\n\t\t\t\t\t<\/div>\n\n\t\n\n\t<div id=\"col-522228588\" class=\"col medium-3 small-12 large-3\"  >\n\t\t\t\t<div class=\"col-inner\"  >\n\t\t\t\n\t\t\t\n\n\t<div class=\"box has-hover   has-hover box-shade dark box-text-bottom\" >\n\n\t\t<div class=\"box-image\" >\n\t\t\t\t\t\t<div class=\"image-cover\" style=\"padding-top:200px;\">\n\t\t\t\t<img width=\"560\" height=\"380\" src=\"https:\/\/www.cluias.it\/wp-content\/uploads\/img_main.jpg\" class=\"attachment- size-\" alt=\"\" decoding=\"async\" loading=\"lazy\" srcset=\"https:\/\/www.cluias.it\/wp-content\/uploads\/img_main.jpg 560w, https:\/\/www.cluias.it\/wp-content\/uploads\/img_main-300x204.jpg 300w\" sizes=\"(max-width: 560px) 100vw, 560px\" \/>\t\t\t\t\t\t\t\t<div class=\"shade\"><\/div>\t\t\t<\/div>\n\t\t\t\t\t<\/div>\n\n\t\t<div class=\"box-text show-on-hover hover-bounce text-center\" style=\"padding:0px 0px 15% 0px;\">\n\t\t\t<div class=\"box-text-inner\">\n\t\t\t\t\n\n<h6>entra in<\/h6>\n\t<div id=\"text-3134497562\" class=\"text\">\n\t\t\n\n<h3>Test Vibrazioni<\/h3>\n\t\t\n<style>\n#text-3134497562 {\n  font-size: 2rem;\n}\n<\/style>\n\t<\/div>\n\t\n<a href=\"http:\/\/www.cluias.it\/test-vibrazioni\/\" target=\"_self\" class=\"button primary\"  >\n    <span>scopri di pi\u00f9<\/span>\n  <\/a>\n\n\n\n\t\t\t<\/div>\n\t\t<\/div>\n\t<\/div>\n\t\n\n\t\t<\/div>\n\t\t\t\t\t<\/div>\n\n\t\n\n\t<div id=\"col-1914971917\" class=\"col medium-3 small-12 large-3\"  >\n\t\t\t\t<div class=\"col-inner\"  >\n\t\t\t\n\t\t\t\n\n\t<div class=\"box has-hover   has-hover box-shade dark box-text-bottom\" >\n\n\t\t<div class=\"box-image\" >\n\t\t\t\t\t\t<div class=\"image-cover\" style=\"padding-top:200px;\">\n\t\t\t\t<img width=\"1359\" height=\"771\" src=\"https:\/\/www.cluias.it\/wp-content\/uploads\/diagnostica.jpg\" class=\"attachment- size-\" alt=\"\" decoding=\"async\" loading=\"lazy\" srcset=\"https:\/\/www.cluias.it\/wp-content\/uploads\/diagnostica.jpg 1359w, https:\/\/www.cluias.it\/wp-content\/uploads\/diagnostica-300x170.jpg 300w, https:\/\/www.cluias.it\/wp-content\/uploads\/diagnostica-1024x581.jpg 1024w, https:\/\/www.cluias.it\/wp-content\/uploads\/diagnostica-768x436.jpg 768w\" sizes=\"(max-width: 1359px) 100vw, 1359px\" \/>\t\t\t\t\t\t\t\t<div class=\"shade\"><\/div>\t\t\t<\/div>\n\t\t\t\t\t<\/div>\n\n\t\t<div class=\"box-text show-on-hover hover-bounce text-center\" style=\"padding:0px 0px 15% 0px;\">\n\t\t\t<div class=\"box-text-inner\">\n\t\t\t\t\n\n<h6>entra in<\/h6>\n\t<div id=\"text-2646211709\" class=\"text\">\n\t\t\n\n<h3>Diagnostica<br \/>\r\n<\/h3>\n\t\t\n<style>\n#text-2646211709 {\n  font-size: 2rem;\n}\n<\/style>\n\t<\/div>\n\t\n<a href=\"http:\/\/www.cluias.it\/diagnostica\/\" target=\"_self\" class=\"button primary\"  >\n    <span>Scopri di pi\u00f9<\/span>\n  <\/a>\n\n\n\n\t\t\t<\/div>\n\t\t<\/div>\n\t<\/div>\n\t\n\n\t\t<\/div>\n\t\t\t\t\t<\/div>\n\n\t\n\n\t<div id=\"col-1427192594\" class=\"col medium-3 small-12 large-3\"  >\n\t\t\t\t<div class=\"col-inner\"  >\n\t\t\t\n\t\t\t\n\n\t<div class=\"box has-hover   has-hover box-shade dark box-text-bottom\" >\n\n\t\t<div class=\"box-image\" >\n\t\t\t\t\t\t<div class=\"image-cover\" style=\"padding-top:200px;\">\n\t\t\t\t<img width=\"454\" height=\"318\" src=\"https:\/\/www.cluias.it\/wp-content\/uploads\/sdee.png\" class=\"attachment- size-\" alt=\"\" decoding=\"async\" loading=\"lazy\" srcset=\"https:\/\/www.cluias.it\/wp-content\/uploads\/sdee.png 454w, https:\/\/www.cluias.it\/wp-content\/uploads\/sdee-300x210.png 300w\" sizes=\"(max-width: 454px) 100vw, 454px\" \/>\t\t\t\t\t\t\t\t<div class=\"shade\"><\/div>\t\t\t<\/div>\n\t\t\t\t\t<\/div>\n\n\t\t<div class=\"box-text show-on-hover hover-bounce text-center\" style=\"padding:0px 0px 15% 0px;\">\n\t\t\t<div class=\"box-text-inner\">\n\t\t\t\t\n\n<h6>entra in<\/h6>\n\t<div id=\"text-1170325844\" class=\"text\">\n\t\t\n\n<h3>Lente Siliconica<br \/>\n<\/h3>\n\n\t\t\n<style>\n#text-1170325844 {\n  font-size: 2rem;\n}\n<\/style>\n\t<\/div>\n\t\n<a href=\"http:\/\/www.cluias.it\/lente-siliconica\/\" target=\"_self\" class=\"button primary\"  >\n    <span>Scopri di pi\u00f9<\/span>\n  <\/a>\n\n\n\n\t\t\t<\/div>\n\t\t<\/div>\n\t<\/div>\n\t\n\n\t\t<\/div>\n\t\t\t\t\t<\/div>\n\n\t\n\n<\/div>\n\n\n","protected":false},"excerpt":{"rendered":"","protected":false},"author":1,"featured_media":0,"parent":0,"menu_order":0,"comment_status":"closed","ping_status":"closed","template":"","meta":[],"_links":{"self":[{"href":"https:\/\/www.cluias.it\/en\/wp-json\/wp\/v2\/pages\/2494"}],"collection":[{"href":"https:\/\/www.cluias.it\/en\/wp-json\/wp\/v2\/pages"}],"about":[{"href":"https:\/\/www.cluias.it\/en\/wp-json\/wp\/v2\/types\/page"}],"author":[{"embeddable":true,"href":"https:\/\/www.cluias.it\/en\/wp-json\/wp\/v2\/users\/1"}],"replies":[{"embeddable":true,"href":"https:\/\/www.cluias.it\/en\/wp-json\/wp\/v2\/comments?post=2494"}],"version-history":[{"count":5,"href":"https:\/\/www.cluias.it\/en\/wp-json\/wp\/v2\/pages\/2494\/revisions"}],"predecessor-version":[{"id":2551,"href":"https:\/\/www.cluias.it\/en\/wp-json\/wp\/v2\/pages\/2494\/revisions\/2551"}],"wp:attachment":[{"href":"https:\/\/www.cluias.it\/en\/wp-json\/wp\/v2\/media?parent=2494"}],"curies":[{"name":"wp","href":"https:\/\/api.w.org\/{rel}","templated":true}]}}